{"id":427,"date":"2023-10-18T11:32:24","date_gmt":"2023-10-18T11:32:24","guid":{"rendered":"https:\/\/torrecilla-e.com\/\/?page_id=427"},"modified":"2025-03-12T11:50:55","modified_gmt":"2025-03-12T11:50:55","slug":"alquiler","status":"publish","type":"page","link":"https:\/\/torrecilla-e.com\/es\/alquiler\/","title":{"rendered":"Alquiler"},"content":{"rendered":"\t\t<div data-elementor-type=\"wp-page\" data-elementor-id=\"427\" class=\"elementor elementor-427\" data-elementor-post-type=\"page\">\n\t\t\t\t\t\t<section class=\"elementor-section elementor-top-section elementor-element elementor-element-6c1b967 elementor-section-boxed elementor-section-height-default elementor-section-height-default\" data-id=\"6c1b967\" data-element_type=\"section\">\n\t\t\t\t\t\t<div class=\"elementor-container elementor-column-gap-default\">\n\t\t\t\t\t<div class=\"elementor-column elementor-col-100 elementor-top-column elementor-element elementor-element-557ab07\" data-id=\"557ab07\" data-element_type=\"column\">\n\t\t\t<div class=\"elementor-widget-wrap elementor-element-populated\">\n\t\t\t\t\t\t<div class=\"elementor-element elementor-element-2c84842 elementor-invisible elementor-widget elementor-widget-heading\" data-id=\"2c84842\" data-element_type=\"widget\" data-settings=\"{&quot;_animation&quot;:&quot;fadeInUp&quot;}\" data-widget_type=\"heading.default\">\n\t\t\t\t<div class=\"elementor-widget-container\">\n\t\t\t\t\t<h2 class=\"elementor-heading-title elementor-size-default\">Alquiler<\/h2>\t\t\t\t<\/div>\n\t\t\t\t<\/div>\n\t\t\t\t<div class=\"elementor-element elementor-element-9a93f93 elementor-widget elementor-widget-accordion\" data-id=\"9a93f93\" data-element_type=\"widget\" data-widget_type=\"accordion.default\">\n\t\t\t\t<div class=\"elementor-widget-container\">\n\t\t\t\t\t\t\t<div class=\"elementor-accordion\">\n\t\t\t\t\t\t\t<div class=\"elementor-accordion-item\">\n\t\t\t\t\t<div id=\"elementor-tab-title-1621\" class=\"elementor-tab-title\" data-tab=\"1\" role=\"button\" aria-controls=\"elementor-tab-content-1621\" aria-expanded=\"false\">\n\t\t\t\t\t\t\t\t\t\t\t\t\t<span class=\"elementor-accordion-icon elementor-accordion-icon-right\" aria-hidden=\"true\">\n\t\t\t\t\t\t\t\t\t\t\t\t\t\t\t<span class=\"elementor-accordion-icon-closed\"><i class=\"jki jki-chevron-right-light\"><\/i><\/span>\n\t\t\t\t\t\t\t\t<span class=\"elementor-accordion-icon-opened\"><i class=\"icon icon-chevron-down\"><\/i><\/span>\n\t\t\t\t\t\t\t\t\t\t\t\t\t\t<\/span>\n\t\t\t\t\t\t\t\t\t\t\t\t<a class=\"elementor-accordion-title\" tabindex=\"0\">Pantallas de led espejo<\/a>\n\t\t\t\t\t<\/div>\n\t\t\t\t\t<div id=\"elementor-tab-content-1621\" class=\"elementor-tab-content elementor-clearfix\" data-tab=\"1\" role=\"region\" aria-labelledby=\"elementor-tab-title-1621\"><p><img fetchpriority=\"high\" decoding=\"async\" class=\"aligncenter wp-image-589 size-full\" src=\"http:\/\/www.pro-webs.es\/Torrecillas-e\/wp-content\/uploads\/2023\/11\/pantalles_led-1.png\" alt=\"\" width=\"910\" height=\"469\" srcset=\"https:\/\/torrecilla-e.com\/wp-content\/uploads\/2023\/11\/pantalles_led-1.png 910w, https:\/\/torrecilla-e.com\/wp-content\/uploads\/2023\/11\/pantalles_led-1-300x155.png 300w, https:\/\/torrecilla-e.com\/wp-content\/uploads\/2023\/11\/pantalles_led-1-768x396.png 768w\" sizes=\"(max-width: 910px) 100vw, 910px\" \/><\/p><\/div>\n\t\t\t\t<\/div>\n\t\t\t\t\t\t\t<div class=\"elementor-accordion-item\">\n\t\t\t\t\t<div id=\"elementor-tab-title-1622\" class=\"elementor-tab-title\" data-tab=\"2\" role=\"button\" aria-controls=\"elementor-tab-content-1622\" aria-expanded=\"false\">\n\t\t\t\t\t\t\t\t\t\t\t\t\t<span class=\"elementor-accordion-icon elementor-accordion-icon-right\" aria-hidden=\"true\">\n\t\t\t\t\t\t\t\t\t\t\t\t\t\t\t<span class=\"elementor-accordion-icon-closed\"><i class=\"jki jki-chevron-right-light\"><\/i><\/span>\n\t\t\t\t\t\t\t\t<span class=\"elementor-accordion-icon-opened\"><i class=\"icon icon-chevron-down\"><\/i><\/span>\n\t\t\t\t\t\t\t\t\t\t\t\t\t\t<\/span>\n\t\t\t\t\t\t\t\t\t\t\t\t<a class=\"elementor-accordion-title\" tabindex=\"0\">Photocall<\/a>\n\t\t\t\t\t<\/div>\n\t\t\t\t\t<div id=\"elementor-tab-content-1622\" class=\"elementor-tab-content elementor-clearfix\" data-tab=\"2\" role=\"region\" aria-labelledby=\"elementor-tab-title-1622\"><p><img decoding=\"async\" class=\"wp-image-587 size-full aligncenter\" src=\"http:\/\/www.pro-webs.es\/Torrecillas-e\/wp-content\/uploads\/2023\/11\/photocall.png\" alt=\"\" width=\"910\" height=\"469\" srcset=\"https:\/\/torrecilla-e.com\/wp-content\/uploads\/2023\/11\/photocall.png 910w, https:\/\/torrecilla-e.com\/wp-content\/uploads\/2023\/11\/photocall-300x155.png 300w, https:\/\/torrecilla-e.com\/wp-content\/uploads\/2023\/11\/photocall-768x396.png 768w\" sizes=\"(max-width: 910px) 100vw, 910px\" \/><\/p><\/div>\n\t\t\t\t<\/div>\n\t\t\t\t\t\t\t<div class=\"elementor-accordion-item\">\n\t\t\t\t\t<div id=\"elementor-tab-title-1623\" class=\"elementor-tab-title\" data-tab=\"3\" role=\"button\" aria-controls=\"elementor-tab-content-1623\" aria-expanded=\"false\">\n\t\t\t\t\t\t\t\t\t\t\t\t\t<span class=\"elementor-accordion-icon elementor-accordion-icon-right\" aria-hidden=\"true\">\n\t\t\t\t\t\t\t\t\t\t\t\t\t\t\t<span class=\"elementor-accordion-icon-closed\"><i class=\"jki jki-chevron-right-light\"><\/i><\/span>\n\t\t\t\t\t\t\t\t<span class=\"elementor-accordion-icon-opened\"><i class=\"icon icon-chevron-down\"><\/i><\/span>\n\t\t\t\t\t\t\t\t\t\t\t\t\t\t<\/span>\n\t\t\t\t\t\t\t\t\t\t\t\t<a class=\"elementor-accordion-title\" tabindex=\"0\">Faristol Z<\/a>\n\t\t\t\t\t<\/div>\n\t\t\t\t\t<div id=\"elementor-tab-content-1623\" class=\"elementor-tab-content elementor-clearfix\" data-tab=\"3\" role=\"region\" aria-labelledby=\"elementor-tab-title-1623\"><p><img decoding=\"async\" class=\"aligncenter wp-image-606 size-full\" src=\"http:\/\/www.pro-webs.es\/Torrecillas-e\/wp-content\/uploads\/2023\/11\/faristol-Z1-33z38s7ux5k9z4gqr7zw1s.jpg\" alt=\"\" width=\"646\" height=\"333\" srcset=\"https:\/\/torrecilla-e.com\/wp-content\/uploads\/2023\/11\/faristol-Z1-33z38s7ux5k9z4gqr7zw1s.jpg 646w, https:\/\/torrecilla-e.com\/wp-content\/uploads\/2023\/11\/faristol-Z1-33z38s7ux5k9z4gqr7zw1s-300x155.jpg 300w\" sizes=\"(max-width: 646px) 100vw, 646px\" \/><\/p><\/div>\n\t\t\t\t<\/div>\n\t\t\t\t\t\t\t<div class=\"elementor-accordion-item\">\n\t\t\t\t\t<div id=\"elementor-tab-title-1624\" class=\"elementor-tab-title\" data-tab=\"4\" role=\"button\" aria-controls=\"elementor-tab-content-1624\" aria-expanded=\"false\">\n\t\t\t\t\t\t\t\t\t\t\t\t\t<span class=\"elementor-accordion-icon elementor-accordion-icon-right\" aria-hidden=\"true\">\n\t\t\t\t\t\t\t\t\t\t\t\t\t\t\t<span class=\"elementor-accordion-icon-closed\"><i class=\"jki jki-chevron-right-light\"><\/i><\/span>\n\t\t\t\t\t\t\t\t<span class=\"elementor-accordion-icon-opened\"><i class=\"icon icon-chevron-down\"><\/i><\/span>\n\t\t\t\t\t\t\t\t\t\t\t\t\t\t<\/span>\n\t\t\t\t\t\t\t\t\t\t\t\t<a class=\"elementor-accordion-title\" tabindex=\"0\">Atril c\u00f3nico<\/a>\n\t\t\t\t\t<\/div>\n\t\t\t\t\t<div id=\"elementor-tab-content-1624\" class=\"elementor-tab-content elementor-clearfix\" data-tab=\"4\" role=\"region\" aria-labelledby=\"elementor-tab-title-1624\"><p><img loading=\"lazy\" decoding=\"async\" class=\"aligncenter wp-image-605 size-full\" src=\"http:\/\/www.pro-webs.es\/Torrecillas-e\/wp-content\/uploads\/2023\/11\/faristol-conic-33z38s7ux5k9z4gqr7zw1s.jpg\" alt=\"\" width=\"646\" height=\"333\" srcset=\"https:\/\/torrecilla-e.com\/wp-content\/uploads\/2023\/11\/faristol-conic-33z38s7ux5k9z4gqr7zw1s.jpg 646w, https:\/\/torrecilla-e.com\/wp-content\/uploads\/2023\/11\/faristol-conic-33z38s7ux5k9z4gqr7zw1s-300x155.jpg 300w\" sizes=\"(max-width: 646px) 100vw, 646px\" \/><\/p><\/div>\n\t\t\t\t<\/div>\n\t\t\t\t\t\t\t<div class=\"elementor-accordion-item\">\n\t\t\t\t\t<div id=\"elementor-tab-title-1625\" class=\"elementor-tab-title\" data-tab=\"5\" role=\"button\" aria-controls=\"elementor-tab-content-1625\" aria-expanded=\"false\">\n\t\t\t\t\t\t\t\t\t\t\t\t\t<span class=\"elementor-accordion-icon elementor-accordion-icon-right\" aria-hidden=\"true\">\n\t\t\t\t\t\t\t\t\t\t\t\t\t\t\t<span class=\"elementor-accordion-icon-closed\"><i class=\"jki jki-chevron-right-light\"><\/i><\/span>\n\t\t\t\t\t\t\t\t<span class=\"elementor-accordion-icon-opened\"><i class=\"icon icon-chevron-down\"><\/i><\/span>\n\t\t\t\t\t\t\t\t\t\t\t\t\t\t<\/span>\n\t\t\t\t\t\t\t\t\t\t\t\t<a class=\"elementor-accordion-title\" tabindex=\"0\">Silla Aqua<\/a>\n\t\t\t\t\t<\/div>\n\t\t\t\t\t<div id=\"elementor-tab-content-1625\" class=\"elementor-tab-content elementor-clearfix\" data-tab=\"5\" role=\"region\" aria-labelledby=\"elementor-tab-title-1625\"><p><img loading=\"lazy\" decoding=\"async\" class=\"aligncenter wp-image-603 size-full\" src=\"http:\/\/www.pro-webs.es\/Torrecillas-e\/wp-content\/uploads\/2023\/11\/cadira-aqua-33z38qpktn60mjia4ts0sg.jpg\" alt=\"\" width=\"646\" height=\"333\" srcset=\"https:\/\/torrecilla-e.com\/wp-content\/uploads\/2023\/11\/cadira-aqua-33z38qpktn60mjia4ts0sg.jpg 646w, https:\/\/torrecilla-e.com\/wp-content\/uploads\/2023\/11\/cadira-aqua-33z38qpktn60mjia4ts0sg-300x155.jpg 300w\" sizes=\"(max-width: 646px) 100vw, 646px\" \/><\/p><\/div>\n\t\t\t\t<\/div>\n\t\t\t\t\t\t\t<div class=\"elementor-accordion-item\">\n\t\t\t\t\t<div id=\"elementor-tab-title-1626\" class=\"elementor-tab-title\" data-tab=\"6\" role=\"button\" aria-controls=\"elementor-tab-content-1626\" aria-expanded=\"false\">\n\t\t\t\t\t\t\t\t\t\t\t\t\t<span class=\"elementor-accordion-icon elementor-accordion-icon-right\" aria-hidden=\"true\">\n\t\t\t\t\t\t\t\t\t\t\t\t\t\t\t<span class=\"elementor-accordion-icon-closed\"><i class=\"jki jki-chevron-right-light\"><\/i><\/span>\n\t\t\t\t\t\t\t\t<span class=\"elementor-accordion-icon-opened\"><i class=\"icon icon-chevron-down\"><\/i><\/span>\n\t\t\t\t\t\t\t\t\t\t\t\t\t\t<\/span>\n\t\t\t\t\t\t\t\t\t\t\t\t<a class=\"elementor-accordion-title\" tabindex=\"0\">Puf Cubo<\/a>\n\t\t\t\t\t<\/div>\n\t\t\t\t\t<div id=\"elementor-tab-content-1626\" class=\"elementor-tab-content elementor-clearfix\" data-tab=\"6\" role=\"region\" aria-labelledby=\"elementor-tab-title-1626\"><p><img loading=\"lazy\" decoding=\"async\" class=\"aligncenter wp-image-602 size-full\" src=\"http:\/\/www.pro-webs.es\/Torrecillas-e\/wp-content\/uploads\/2023\/11\/puf-cub-33z38tckhscyzk6l80nshs.jpg\" alt=\"\" width=\"646\" height=\"333\" srcset=\"https:\/\/torrecilla-e.com\/wp-content\/uploads\/2023\/11\/puf-cub-33z38tckhscyzk6l80nshs.jpg 646w, https:\/\/torrecilla-e.com\/wp-content\/uploads\/2023\/11\/puf-cub-33z38tckhscyzk6l80nshs-300x155.jpg 300w\" sizes=\"(max-width: 646px) 100vw, 646px\" \/><\/p><\/div>\n\t\t\t\t<\/div>\n\t\t\t\t\t\t\t<div class=\"elementor-accordion-item\">\n\t\t\t\t\t<div id=\"elementor-tab-title-1627\" class=\"elementor-tab-title\" data-tab=\"7\" role=\"button\" aria-controls=\"elementor-tab-content-1627\" aria-expanded=\"false\">\n\t\t\t\t\t\t\t\t\t\t\t\t\t<span class=\"elementor-accordion-icon elementor-accordion-icon-right\" aria-hidden=\"true\">\n\t\t\t\t\t\t\t\t\t\t\t\t\t\t\t<span class=\"elementor-accordion-icon-closed\"><i class=\"jki jki-chevron-right-light\"><\/i><\/span>\n\t\t\t\t\t\t\t\t<span class=\"elementor-accordion-icon-opened\"><i class=\"icon icon-chevron-down\"><\/i><\/span>\n\t\t\t\t\t\t\t\t\t\t\t\t\t\t<\/span>\n\t\t\t\t\t\t\t\t\t\t\t\t<a class=\"elementor-accordion-title\" tabindex=\"0\">Puf Saco<\/a>\n\t\t\t\t\t<\/div>\n\t\t\t\t\t<div id=\"elementor-tab-content-1627\" class=\"elementor-tab-content elementor-clearfix\" data-tab=\"7\" role=\"region\" aria-labelledby=\"elementor-tab-title-1627\"><p><img loading=\"lazy\" decoding=\"async\" class=\"aligncenter wp-image-601 size-full\" src=\"http:\/\/www.pro-webs.es\/Torrecillas-e\/wp-content\/uploads\/2023\/11\/pouf-saco-33z38t3it7alfgougaaha8.jpg\" alt=\"\" width=\"646\" height=\"333\" srcset=\"https:\/\/torrecilla-e.com\/wp-content\/uploads\/2023\/11\/pouf-saco-33z38t3it7alfgougaaha8.jpg 646w, https:\/\/torrecilla-e.com\/wp-content\/uploads\/2023\/11\/pouf-saco-33z38t3it7alfgougaaha8-300x155.jpg 300w\" sizes=\"(max-width: 646px) 100vw, 646px\" \/><\/p><\/div>\n\t\t\t\t<\/div>\n\t\t\t\t\t\t\t<div class=\"elementor-accordion-item\">\n\t\t\t\t\t<div id=\"elementor-tab-title-1628\" class=\"elementor-tab-title\" data-tab=\"8\" role=\"button\" aria-controls=\"elementor-tab-content-1628\" aria-expanded=\"false\">\n\t\t\t\t\t\t\t\t\t\t\t\t\t<span class=\"elementor-accordion-icon elementor-accordion-icon-right\" aria-hidden=\"true\">\n\t\t\t\t\t\t\t\t\t\t\t\t\t\t\t<span class=\"elementor-accordion-icon-closed\"><i class=\"jki jki-chevron-right-light\"><\/i><\/span>\n\t\t\t\t\t\t\t\t<span class=\"elementor-accordion-icon-opened\"><i class=\"icon icon-chevron-down\"><\/i><\/span>\n\t\t\t\t\t\t\t\t\t\t\t\t\t\t<\/span>\n\t\t\t\t\t\t\t\t\t\t\t\t<a class=\"elementor-accordion-title\" tabindex=\"0\">Taburete Jamaica<\/a>\n\t\t\t\t\t<\/div>\n\t\t\t\t\t<div id=\"elementor-tab-content-1628\" class=\"elementor-tab-content elementor-clearfix\" data-tab=\"8\" role=\"region\" aria-labelledby=\"elementor-tab-title-1628\"><p><img loading=\"lazy\" decoding=\"async\" class=\"aligncenter wp-image-600 size-full\" src=\"http:\/\/www.pro-webs.es\/Torrecillas-e\/wp-content\/uploads\/2023\/11\/tamb-jamaica-33z38tq50nyjbpf7dm7rb4.jpg\" alt=\"\" width=\"646\" height=\"333\" srcset=\"https:\/\/torrecilla-e.com\/wp-content\/uploads\/2023\/11\/tamb-jamaica-33z38tq50nyjbpf7dm7rb4.jpg 646w, https:\/\/torrecilla-e.com\/wp-content\/uploads\/2023\/11\/tamb-jamaica-33z38tq50nyjbpf7dm7rb4-300x155.jpg 300w\" sizes=\"(max-width: 646px) 100vw, 646px\" \/><\/p><\/div>\n\t\t\t\t<\/div>\n\t\t\t\t\t\t\t<div class=\"elementor-accordion-item\">\n\t\t\t\t\t<div id=\"elementor-tab-title-1629\" class=\"elementor-tab-title\" data-tab=\"9\" role=\"button\" aria-controls=\"elementor-tab-content-1629\" aria-expanded=\"false\">\n\t\t\t\t\t\t\t\t\t\t\t\t\t<span class=\"elementor-accordion-icon elementor-accordion-icon-right\" aria-hidden=\"true\">\n\t\t\t\t\t\t\t\t\t\t\t\t\t\t\t<span class=\"elementor-accordion-icon-closed\"><i class=\"jki jki-chevron-right-light\"><\/i><\/span>\n\t\t\t\t\t\t\t\t<span class=\"elementor-accordion-icon-opened\"><i class=\"icon icon-chevron-down\"><\/i><\/span>\n\t\t\t\t\t\t\t\t\t\t\t\t\t\t<\/span>\n\t\t\t\t\t\t\t\t\t\t\t\t<a class=\"elementor-accordion-title\" tabindex=\"0\">Sill\u00f3n Eames<\/a>\n\t\t\t\t\t<\/div>\n\t\t\t\t\t<div id=\"elementor-tab-content-1629\" class=\"elementor-tab-content elementor-clearfix\" data-tab=\"9\" role=\"region\" aria-labelledby=\"elementor-tab-title-1629\"><p><img loading=\"lazy\" decoding=\"async\" class=\"aligncenter wp-image-599 size-full\" src=\"http:\/\/www.pro-webs.es\/Torrecillas-e\/wp-content\/uploads\/2023\/11\/lounge-chair-33z38spyabp13bg8aoqigw.jpg\" alt=\"\" width=\"646\" height=\"333\" srcset=\"https:\/\/torrecilla-e.com\/wp-content\/uploads\/2023\/11\/lounge-chair-33z38spyabp13bg8aoqigw.jpg 646w, https:\/\/torrecilla-e.com\/wp-content\/uploads\/2023\/11\/lounge-chair-33z38spyabp13bg8aoqigw-300x155.jpg 300w\" sizes=\"(max-width: 646px) 100vw, 646px\" \/><\/p><\/div>\n\t\t\t\t<\/div>\n\t\t\t\t\t\t\t<div class=\"elementor-accordion-item\">\n\t\t\t\t\t<div id=\"elementor-tab-title-16210\" class=\"elementor-tab-title\" data-tab=\"10\" role=\"button\" aria-controls=\"elementor-tab-content-16210\" aria-expanded=\"false\">\n\t\t\t\t\t\t\t\t\t\t\t\t\t<span class=\"elementor-accordion-icon elementor-accordion-icon-right\" aria-hidden=\"true\">\n\t\t\t\t\t\t\t\t\t\t\t\t\t\t\t<span class=\"elementor-accordion-icon-closed\"><i class=\"jki jki-chevron-right-light\"><\/i><\/span>\n\t\t\t\t\t\t\t\t<span class=\"elementor-accordion-icon-opened\"><i class=\"icon icon-chevron-down\"><\/i><\/span>\n\t\t\t\t\t\t\t\t\t\t\t\t\t\t<\/span>\n\t\t\t\t\t\t\t\t\t\t\t\t<a class=\"elementor-accordion-title\" tabindex=\"0\">Mesa alta Bar<\/a>\n\t\t\t\t\t<\/div>\n\t\t\t\t\t<div id=\"elementor-tab-content-16210\" class=\"elementor-tab-content elementor-clearfix\" data-tab=\"10\" role=\"region\" aria-labelledby=\"elementor-tab-title-16210\"><p><img loading=\"lazy\" decoding=\"async\" class=\"aligncenter wp-image-598 size-full\" src=\"http:\/\/www.pro-webs.es\/Torrecillas-e\/wp-content\/uploads\/2023\/11\/taula-alta-bar-33z38tq50nyjbpf7dm7rb4.jpg\" alt=\"\" width=\"646\" height=\"333\" srcset=\"https:\/\/torrecilla-e.com\/wp-content\/uploads\/2023\/11\/taula-alta-bar-33z38tq50nyjbpf7dm7rb4.jpg 646w, https:\/\/torrecilla-e.com\/wp-content\/uploads\/2023\/11\/taula-alta-bar-33z38tq50nyjbpf7dm7rb4-300x155.jpg 300w\" sizes=\"(max-width: 646px) 100vw, 646px\" \/><\/p><\/div>\n\t\t\t\t<\/div>\n\t\t\t\t\t\t\t<div class=\"elementor-accordion-item\">\n\t\t\t\t\t<div id=\"elementor-tab-title-16211\" class=\"elementor-tab-title\" data-tab=\"11\" role=\"button\" aria-controls=\"elementor-tab-content-16211\" aria-expanded=\"false\">\n\t\t\t\t\t\t\t\t\t\t\t\t\t<span class=\"elementor-accordion-icon elementor-accordion-icon-right\" aria-hidden=\"true\">\n\t\t\t\t\t\t\t\t\t\t\t\t\t\t\t<span class=\"elementor-accordion-icon-closed\"><i class=\"jki jki-chevron-right-light\"><\/i><\/span>\n\t\t\t\t\t\t\t\t<span class=\"elementor-accordion-icon-opened\"><i class=\"icon icon-chevron-down\"><\/i><\/span>\n\t\t\t\t\t\t\t\t\t\t\t\t\t\t<\/span>\n\t\t\t\t\t\t\t\t\t\t\t\t<a class=\"elementor-accordion-title\" tabindex=\"0\">L\u00e1mpara de doble brazo<\/a>\n\t\t\t\t\t<\/div>\n\t\t\t\t\t<div id=\"elementor-tab-content-16211\" class=\"elementor-tab-content elementor-clearfix\" data-tab=\"11\" role=\"region\" aria-labelledby=\"elementor-tab-title-16211\"><p><img loading=\"lazy\" decoding=\"async\" class=\"aligncenter wp-image-597 size-full\" src=\"http:\/\/www.pro-webs.es\/Torrecillas-e\/wp-content\/uploads\/2023\/11\/lampara-suspensio-33z38sgwlqmnj7yhiyd79c.jpg\" alt=\"\" width=\"646\" height=\"333\" srcset=\"https:\/\/torrecilla-e.com\/wp-content\/uploads\/2023\/11\/lampara-suspensio-33z38sgwlqmnj7yhiyd79c.jpg 646w, https:\/\/torrecilla-e.com\/wp-content\/uploads\/2023\/11\/lampara-suspensio-33z38sgwlqmnj7yhiyd79c-300x155.jpg 300w\" sizes=\"(max-width: 646px) 100vw, 646px\" \/><\/p><\/div>\n\t\t\t\t<\/div>\n\t\t\t\t\t\t\t<div class=\"elementor-accordion-item\">\n\t\t\t\t\t<div id=\"elementor-tab-title-16212\" class=\"elementor-tab-title\" data-tab=\"12\" role=\"button\" aria-controls=\"elementor-tab-content-16212\" aria-expanded=\"false\">\n\t\t\t\t\t\t\t\t\t\t\t\t\t<span class=\"elementor-accordion-icon elementor-accordion-icon-right\" aria-hidden=\"true\">\n\t\t\t\t\t\t\t\t\t\t\t\t\t\t\t<span class=\"elementor-accordion-icon-closed\"><i class=\"jki jki-chevron-right-light\"><\/i><\/span>\n\t\t\t\t\t\t\t\t<span class=\"elementor-accordion-icon-opened\"><i class=\"icon icon-chevron-down\"><\/i><\/span>\n\t\t\t\t\t\t\t\t\t\t\t\t\t\t<\/span>\n\t\t\t\t\t\t\t\t\t\t\t\t<a class=\"elementor-accordion-title\" tabindex=\"0\">L\u00e1mpara InOut<\/a>\n\t\t\t\t\t<\/div>\n\t\t\t\t\t<div id=\"elementor-tab-content-16212\" class=\"elementor-tab-content elementor-clearfix\" data-tab=\"12\" role=\"region\" aria-labelledby=\"elementor-tab-title-16212\"><p><img loading=\"lazy\" decoding=\"async\" class=\"aligncenter wp-image-596 size-full\" src=\"http:\/\/www.pro-webs.es\/Torrecillas-e\/wp-content\/uploads\/2023\/11\/lampara-inout-33z38scdrg3gr67m536jnk.jpg\" alt=\"\" width=\"646\" height=\"333\" srcset=\"https:\/\/torrecilla-e.com\/wp-content\/uploads\/2023\/11\/lampara-inout-33z38scdrg3gr67m536jnk.jpg 646w, https:\/\/torrecilla-e.com\/wp-content\/uploads\/2023\/11\/lampara-inout-33z38scdrg3gr67m536jnk-300x155.jpg 300w\" sizes=\"(max-width: 646px) 100vw, 646px\" \/><\/p><\/div>\n\t\t\t\t<\/div>\n\t\t\t\t\t\t\t<div class=\"elementor-accordion-item\">\n\t\t\t\t\t<div id=\"elementor-tab-title-16213\" class=\"elementor-tab-title\" data-tab=\"13\" role=\"button\" aria-controls=\"elementor-tab-content-16213\" aria-expanded=\"false\">\n\t\t\t\t\t\t\t\t\t\t\t\t\t<span class=\"elementor-accordion-icon elementor-accordion-icon-right\" aria-hidden=\"true\">\n\t\t\t\t\t\t\t\t\t\t\t\t\t\t\t<span class=\"elementor-accordion-icon-closed\"><i class=\"jki jki-chevron-right-light\"><\/i><\/span>\n\t\t\t\t\t\t\t\t<span class=\"elementor-accordion-icon-opened\"><i class=\"icon icon-chevron-down\"><\/i><\/span>\n\t\t\t\t\t\t\t\t\t\t\t\t\t\t<\/span>\n\t\t\t\t\t\t\t\t\t\t\t\t<a class=\"elementor-accordion-title\" tabindex=\"0\">L\u00e1mpara Tr\u00edpode<\/a>\n\t\t\t\t\t<\/div>\n\t\t\t\t\t<div id=\"elementor-tab-content-16213\" class=\"elementor-tab-content elementor-clearfix\" data-tab=\"13\" role=\"region\" aria-labelledby=\"elementor-tab-title-16213\"><p><img loading=\"lazy\" decoding=\"async\" class=\"aligncenter wp-image-595 size-full\" src=\"http:\/\/www.pro-webs.es\/Torrecillas-e\/wp-content\/uploads\/2023\/11\/lampara-tripode-33z38slfg15ub9pcwtjuv4.jpg\" alt=\"\" width=\"646\" height=\"333\" srcset=\"https:\/\/torrecilla-e.com\/wp-content\/uploads\/2023\/11\/lampara-tripode-33z38slfg15ub9pcwtjuv4.jpg 646w, https:\/\/torrecilla-e.com\/wp-content\/uploads\/2023\/11\/lampara-tripode-33z38slfg15ub9pcwtjuv4-300x155.jpg 300w\" sizes=\"(max-width: 646px) 100vw, 646px\" \/><\/p><\/div>\n\t\t\t\t<\/div>\n\t\t\t\t\t\t\t<div class=\"elementor-accordion-item\">\n\t\t\t\t\t<div id=\"elementor-tab-title-16214\" class=\"elementor-tab-title\" data-tab=\"14\" role=\"button\" aria-controls=\"elementor-tab-content-16214\" aria-expanded=\"false\">\n\t\t\t\t\t\t\t\t\t\t\t\t\t<span class=\"elementor-accordion-icon elementor-accordion-icon-right\" aria-hidden=\"true\">\n\t\t\t\t\t\t\t\t\t\t\t\t\t\t\t<span class=\"elementor-accordion-icon-closed\"><i class=\"jki jki-chevron-right-light\"><\/i><\/span>\n\t\t\t\t\t\t\t\t<span class=\"elementor-accordion-icon-opened\"><i class=\"icon icon-chevron-down\"><\/i><\/span>\n\t\t\t\t\t\t\t\t\t\t\t\t\t\t<\/span>\n\t\t\t\t\t\t\t\t\t\t\t\t<a class=\"elementor-accordion-title\" tabindex=\"0\">L\u00e1mpara MARCs de suspensi\u00f3n<\/a>\n\t\t\t\t\t<\/div>\n\t\t\t\t\t<div id=\"elementor-tab-content-16214\" class=\"elementor-tab-content elementor-clearfix\" data-tab=\"14\" role=\"region\" aria-labelledby=\"elementor-tab-title-16214\"><p><img loading=\"lazy\" decoding=\"async\" class=\"aligncenter wp-image-594 size-full\" src=\"http:\/\/www.pro-webs.es\/Torrecillas-e\/wp-content\/uploads\/2023\/11\/lampara-marc-33z38scdrg3gr67m536jnk.jpg\" alt=\"\" width=\"646\" height=\"333\" srcset=\"https:\/\/torrecilla-e.com\/wp-content\/uploads\/2023\/11\/lampara-marc-33z38scdrg3gr67m536jnk.jpg 646w, https:\/\/torrecilla-e.com\/wp-content\/uploads\/2023\/11\/lampara-marc-33z38scdrg3gr67m536jnk-300x155.jpg 300w\" sizes=\"(max-width: 646px) 100vw, 646px\" \/><\/p><\/div>\n\t\t\t\t<\/div>\n\t\t\t\t\t\t\t<div class=\"elementor-accordion-item\">\n\t\t\t\t\t<div id=\"elementor-tab-title-16215\" class=\"elementor-tab-title\" data-tab=\"15\" role=\"button\" aria-controls=\"elementor-tab-content-16215\" aria-expanded=\"false\">\n\t\t\t\t\t\t\t\t\t\t\t\t\t<span class=\"elementor-accordion-icon elementor-accordion-icon-right\" aria-hidden=\"true\">\n\t\t\t\t\t\t\t\t\t\t\t\t\t\t\t<span class=\"elementor-accordion-icon-closed\"><i class=\"jki jki-chevron-right-light\"><\/i><\/span>\n\t\t\t\t\t\t\t\t<span class=\"elementor-accordion-icon-opened\"><i class=\"icon icon-chevron-down\"><\/i><\/span>\n\t\t\t\t\t\t\t\t\t\t\t\t\t\t<\/span>\n\t\t\t\t\t\t\t\t\t\t\t\t<a class=\"elementor-accordion-title\" tabindex=\"0\">Opis Grande<\/a>\n\t\t\t\t\t<\/div>\n\t\t\t\t\t<div id=\"elementor-tab-content-16215\" class=\"elementor-tab-content elementor-clearfix\" data-tab=\"15\" role=\"region\" aria-labelledby=\"elementor-tab-title-16215\"><p><img loading=\"lazy\" decoding=\"async\" class=\"aligncenter wp-image-607 size-full\" src=\"http:\/\/www.pro-webs.es\/Torrecillas-e\/wp-content\/uploads\/2023\/11\/opis_gran_web-33z38yvly4yucpqu2f6pz4.png\" alt=\"\" width=\"910\" height=\"469\" srcset=\"https:\/\/torrecilla-e.com\/wp-content\/uploads\/2023\/11\/opis_gran_web-33z38yvly4yucpqu2f6pz4.png 910w, https:\/\/torrecilla-e.com\/wp-content\/uploads\/2023\/11\/opis_gran_web-33z38yvly4yucpqu2f6pz4-300x155.png 300w, https:\/\/torrecilla-e.com\/wp-content\/uploads\/2023\/11\/opis_gran_web-33z38yvly4yucpqu2f6pz4-768x396.png 768w\" sizes=\"(max-width: 910px) 100vw, 910px\" \/><\/p><\/div>\n\t\t\t\t<\/div>\n\t\t\t\t\t\t\t<div class=\"elementor-accordion-item\">\n\t\t\t\t\t<div id=\"elementor-tab-title-16216\" class=\"elementor-tab-title\" data-tab=\"16\" role=\"button\" aria-controls=\"elementor-tab-content-16216\" aria-expanded=\"false\">\n\t\t\t\t\t\t\t\t\t\t\t\t\t<span class=\"elementor-accordion-icon elementor-accordion-icon-right\" aria-hidden=\"true\">\n\t\t\t\t\t\t\t\t\t\t\t\t\t\t\t<span class=\"elementor-accordion-icon-closed\"><i class=\"jki jki-chevron-right-light\"><\/i><\/span>\n\t\t\t\t\t\t\t\t<span class=\"elementor-accordion-icon-opened\"><i class=\"icon icon-chevron-down\"><\/i><\/span>\n\t\t\t\t\t\t\t\t\t\t\t\t\t\t<\/span>\n\t\t\t\t\t\t\t\t\t\t\t\t<a class=\"elementor-accordion-title\" tabindex=\"0\">Peque\u00f1o Opis<\/a>\n\t\t\t\t\t<\/div>\n\t\t\t\t\t<div id=\"elementor-tab-content-16216\" class=\"elementor-tab-content elementor-clearfix\" data-tab=\"16\" role=\"region\" aria-labelledby=\"elementor-tab-title-16216\"><p><img loading=\"lazy\" decoding=\"async\" class=\"aligncenter wp-image-608 size-full\" src=\"http:\/\/www.pro-webs.es\/Torrecillas-e\/wp-content\/uploads\/2023\/11\/opis_petit_web-33z38z04sfi14rhpgaddkw.png\" alt=\"\" width=\"910\" height=\"469\" srcset=\"https:\/\/torrecilla-e.com\/wp-content\/uploads\/2023\/11\/opis_petit_web-33z38z04sfi14rhpgaddkw.png 910w, https:\/\/torrecilla-e.com\/wp-content\/uploads\/2023\/11\/opis_petit_web-33z38z04sfi14rhpgaddkw-300x155.png 300w, https:\/\/torrecilla-e.com\/wp-content\/uploads\/2023\/11\/opis_petit_web-33z38z04sfi14rhpgaddkw-768x396.png 768w\" sizes=\"(max-width: 910px) 100vw, 910px\" \/><\/p><\/div>\n\t\t\t\t<\/div>\n\t\t\t\t\t\t\t\t<\/div>\n\t\t\t\t\t\t<\/div>\n\t\t\t\t<\/div>\n\t\t\t\t\t<\/div>\n\t\t<\/div>\n\t\t\t\t\t<\/div>\n\t\t<\/section>\n\t\t\t\t<\/div>\n\t\t","protected":false},"excerpt":{"rendered":"<p>Pantallas de led espejo Photocall Faristol Z Atril c\u00f3nico Silla Aqua Puf Cubo Puf Saco Taburete Jamaica Sill\u00f3n Eames Mesa alta Bar L\u00e1mpara de doble brazo L\u00e1mpara InOut L\u00e1mpara Tr\u00edpode L\u00e1mpara MARCs de suspensi\u00f3n Opis Grande Peque\u00f1o Opis<\/p>\n","protected":false},"author":2,"featured_media":0,"parent":0,"menu_order":0,"comment_status":"closed","ping_status":"closed","template":"","meta":{"pgc_sgb_lightbox_settings":"","footnotes":""},"class_list":["post-427","page","type-page","status-publish","hentry"],"_links":{"self":[{"href":"https:\/\/torrecilla-e.com\/es\/wp-json\/wp\/v2\/pages\/427","targetHints":{"allow":["GET"]}}],"collection":[{"href":"https:\/\/torrecilla-e.com\/es\/wp-json\/wp\/v2\/pages"}],"about":[{"href":"https:\/\/torrecilla-e.com\/es\/wp-json\/wp\/v2\/types\/page"}],"author":[{"embeddable":true,"href":"https:\/\/torrecilla-e.com\/es\/wp-json\/wp\/v2\/users\/2"}],"replies":[{"embeddable":true,"href":"https:\/\/torrecilla-e.com\/es\/wp-json\/wp\/v2\/comments?post=427"}],"version-history":[{"count":0,"href":"https:\/\/torrecilla-e.com\/es\/wp-json\/wp\/v2\/pages\/427\/revisions"}],"wp:attachment":[{"href":"https:\/\/torrecilla-e.com\/es\/wp-json\/wp\/v2\/media?parent=427"}],"curies":[{"name":"wp","href":"https:\/\/api.w.org\/{rel}","templated":true}]}}