{"id":3,"date":"2022-11-13T15:07:21","date_gmt":"2022-11-13T15:07:21","guid":{"rendered":"https:\/\/torrecilla-e.com\/\/?page_id=3"},"modified":"2024-01-15T14:50:14","modified_gmt":"2024-01-15T14:50:14","slug":"politica-de-privacidad","status":"publish","type":"page","link":"https:\/\/torrecilla-e.com\/es\/politica-de-privacidad\/","title":{"rendered":"Pol\u00edtica de privacidad"},"content":{"rendered":"<h1>Pol\u00edtica de privacidad<\/h1>\n<p>&nbsp;<\/p>\n<p>TORRECILLA ESPAIS, SLU., en calidad de Responsable del Tratamiento, le informa que, de acuerdo con lo establecido en el Reglamento (UE) 2016\/679, de 27 de abril (RGPD) y en la L.O. 3\/2018, de 5 de diciembre, de protecci\u00f3n de datos y garant\u00eda de los derechos digitales (LOPDGDD), trataremos sus datos tal como se refleja en la presente Pol\u00edtica de Privacidad.<\/p>\n<p>En esta Pol\u00edtica de Privacidad describimos c\u00f3mo recopilamos sus datos personales, por qu\u00e9 los recopilamos, qu\u00e9 hacemos con ellos, con qui\u00e9n los compartimos, c\u00f3mo los protegemos y cu\u00e1les son sus opciones en cuanto al tratamiento de sus datos personales. Esta Pol\u00edtica se aplica al tratamiento de sus datos personales recopilados por la empresa para la prestaci\u00f3n de sus servicios. Si acepta las medidas de esta Pol\u00edtica, acepta que tratemos sus datos personales seg\u00fan se define en la presente Pol\u00edtica.<\/p>\n<p>CONTACTO Denominaci\u00f3n social: TORRECILLA ESPAIS, SLU.<\/p>\n<p>Nombre comercial: TORRECILLA ESPAIS, SLU. Tel\u00e9fono: 932 85 33 30 Domicilio: calle Ventall\u00f3 30 08025 Barcelona<\/p>\n<p>Correo electr\u00f3nico: <a target=\"_new\" rel=\"noopener\">info@torrecilla-e.com<\/a><\/p>\n<p>PRINCIPIOS CLAVE Siempre hemos estado comprometidos con prestar nuestros servicios con el m\u00e1s alto grado de calidad, lo que incluye tratar sus datos con seguridad y transparencia. Nuestros principios son:<\/p>\n<p>Legalidad: Solo recopilaremos sus Datos personales para fines espec\u00edficos, expl\u00edcitos y leg\u00edtimos.<\/p>\n<p>Minimizaci\u00f3n de datos: Limitamos la recopilaci\u00f3n de datos de car\u00e1cter personal a lo estrictamente relevante y necesario para los fines para los que se han recopilado.<\/p>\n<p>Limitaci\u00f3n de la finalidad: Solo recopilaremos sus datos personales para los fines declarados y solo seg\u00fan sus deseos.<\/p>\n<p>Precisi\u00f3n: Mantendremos sus datos personales exactos y actualizados.<\/p>\n<p>Seguridad de los datos: Aplicamos las medidas t\u00e9cnicas y organizativas adecuadas y proporcionales a los riesgos para garantizar que sus datos no sufran da\u00f1os, como la divulgaci\u00f3n o el acceso no autorizado, la destrucci\u00f3n accidental o il\u00edcita o su p\u00e9rdida accidental o alteraci\u00f3n, y cualquier otra forma de tratamiento il\u00edcito.<\/p>\n<p>Acceso y rectificaci\u00f3n: Disponemos de medios para que acceda o rectifique sus datos cuando lo considere oportuno.<\/p>\n<p>Conservaci\u00f3n: Conservamos sus datos personales de manera legal y apropiada, y solo mientras sea necesario para los fines para los que se han recopilado.<\/p>\n<p>Transferencias internacionales: Cuando sea el caso de que sus datos vayan a ser transferidos fuera de la UE\/EEE, se proteger\u00e1n adecuadamente.<\/p>\n<p>Terceros: El acceso y transferencia de datos personales a terceros se realizan de acuerdo con las leyes y regulaciones aplicables y con las garant\u00edas contractuales adecuadas.<\/p>\n<p>Marketing directo y cookies: Cumplimos con la legislaci\u00f3n aplicable en materia de publicidad y cookies.<\/p>\n<p>RECOLECCI\u00d3N Y TRATAMIENTO DE SUS DATOS PERSONALES Los tipos de datos que se pueden solicitar y tratar son: Datos de car\u00e1cter identificativo.<\/p>\n<p>Tambi\u00e9n recopilamos de manera autom\u00e1tica datos sobre su visita a nuestro sitio web seg\u00fan se describe en la pol\u00edtica de cookies.<\/p>\n<p>Siempre que solicitemos sus Datos personales, le informaremos con claridad de cu\u00e1les recopilamos y con qu\u00e9 finalidad. En general, recopilamos y tratamos sus datos personales con el prop\u00f3sito de:<\/p>\n<p>Proporcionar informaci\u00f3n, servicios, productos, informaci\u00f3n relevante y novedades en el sector.<\/p>\n<p>Env\u00edo de comunicaciones.<\/p>\n<p>LEGITIMIDAD De acuerdo con la normativa de protecci\u00f3n de datos aplicable, sus datos personales podr\u00e1n tratarse siempre que:<\/p>\n<p>Nos haya dado su consentimiento para el tratamiento. Por supuesto, podr\u00e1 retirar su consentimiento en cualquier momento.<\/p>\n<p>Por requerimiento legal.<\/p>\n<p>Por existir un inter\u00e9s leg\u00edtimo que no se vea menoscabado por sus derechos de privacidad, como por ejemplo el env\u00edo de informaci\u00f3n comercial ya sea por suscripci\u00f3n a nuestra newsletter o por su condici\u00f3n de cliente.<\/p>\n<p>Por ser necesario para la prestaci\u00f3n de alguno de nuestros servicios mediante relaci\u00f3n contractual entre usted y nosotros.<\/p>\n<p>COMUNICACI\u00d3N DE DATOS PERSONALES Los datos pueden ser comunicados a empresas relacionadas con TORRECILLA ESPAIS, SLU. para la prestaci\u00f3n de los diversos servicios en calidad de Encargados del Tratamiento. La empresa no realizar\u00e1 ninguna cesi\u00f3n, excepto por obligaci\u00f3n legal.<\/p>\n<p>SUS DERECHOS En relaci\u00f3n con la recopilaci\u00f3n y tratamiento de sus datos personales, puede ponerse en contacto con nosotros en cualquier momento para:<\/p>\n<p>Acceder a sus datos personales y a cualquier otra informaci\u00f3n indicada en el Art\u00edculo 15.1 del RGPD.<\/p>\n<p>Rectificar sus datos personales que sean inexactos o est\u00e9n incompletos de acuerdo con el Art\u00edculo 16 del RGPD.<\/p>\n<p>Suprimir sus datos personales de acuerdo con el Art\u00edculo 17 del RGPD.<\/p>\n<p>Limitar el tratamiento de sus datos personales de acuerdo con el Art\u00edculo 18 del RGPD.<\/p>\n<p>Solicitar la portabilidad de sus datos de acuerdo con el Art\u00edculo 20 del RGPD.<\/p>\n<p>Oponerse al tratamiento de sus datos personales de acuerdo con el art\u00edculo 21 del RGPD.<\/p>\n<p>Si ha otorgado su consentimiento para alguna finalidad espec\u00edfica, tiene derecho a retirar el consentimiento otorgado en cualquier momento, sin que ello afecte la licitud del tratamiento basado en el consentimiento previo a su retirada.<\/p>\n<p>Puede ejercer estos derechos enviando una comunicaci\u00f3n, motivada y acreditada, a xxxxxxxxxxxxxx.<\/p>\n<p>Tambi\u00e9n tiene derecho a presentar una reclamaci\u00f3n ante la Autoridad de control competente (<a href=\"http:\/\/www.aepd.es\/\" target=\"_new\" rel=\"noopener\">www.aepd.es<\/a>) si considera que el tratamiento no se ajusta a la normativa vigente.<\/p>\n<p>INFORMACI\u00d3N LEGAL Los requisitos de esta Pol\u00edtica complementan, y no reemplazan, cualquier otro requisito existente bajo la ley de protecci\u00f3n de datos aplicable, que ser\u00e1 la que prevalezca en cualquier caso. Esta Pol\u00edtica est\u00e1 sujeta a revisiones peri\u00f3dicas y la empresa puede modificarla en cualquier momento. Cuando esto ocurra, le informaremos de cualquier cambio y le pediremos que vuelva a leer la versi\u00f3n m\u00e1s reciente de nuestra Pol\u00edtica y que confirme su aceptaci\u00f3n.<\/p>\n<p>&nbsp;<\/p>\n<p>&nbsp;<\/p>\n","protected":false},"excerpt":{"rendered":"<p>Pol\u00edtica de privacidad &nbsp; TORRECILLA ESPAIS, SLU., en calidad de Responsable del Tratamiento, le informa que, de acuerdo con lo establecido en el Reglamento (UE) 2016\/679, de 27 de abril (RGPD) y en la L.O. 3\/2018, de 5 de diciembre, de protecci\u00f3n de datos y garant\u00eda de los derechos digitales (LOPDGDD), trataremos sus datos tal [&hellip;]<\/p>\n","protected":false},"author":2,"featured_media":0,"parent":0,"menu_order":0,"comment_status":"closed","ping_status":"open","template":"","meta":{"pgc_sgb_lightbox_settings":"","footnotes":""},"class_list":["post-3","page","type-page","status-publish","hentry"],"_links":{"self":[{"href":"https:\/\/torrecilla-e.com\/es\/wp-json\/wp\/v2\/pages\/3","targetHints":{"allow":["GET"]}}],"collection":[{"href":"https:\/\/torrecilla-e.com\/es\/wp-json\/wp\/v2\/pages"}],"about":[{"href":"https:\/\/torrecilla-e.com\/es\/wp-json\/wp\/v2\/types\/page"}],"author":[{"embeddable":true,"href":"https:\/\/torrecilla-e.com\/es\/wp-json\/wp\/v2\/users\/2"}],"replies":[{"embeddable":true,"href":"https:\/\/torrecilla-e.com\/es\/wp-json\/wp\/v2\/comments?post=3"}],"version-history":[{"count":0,"href":"https:\/\/torrecilla-e.com\/es\/wp-json\/wp\/v2\/pages\/3\/revisions"}],"wp:attachment":[{"href":"https:\/\/torrecilla-e.com\/es\/wp-json\/wp\/v2\/media?parent=3"}],"curies":[{"name":"wp","href":"https:\/\/api.w.org\/{rel}","templated":true}]}}