{"id":236,"date":"2023-10-11T13:20:49","date_gmt":"2023-10-11T13:20:49","guid":{"rendered":"https:\/\/torrecilla-e.com\/\/?page_id=236"},"modified":"2024-01-15T15:40:54","modified_gmt":"2024-01-15T15:40:54","slug":"politica-de-cookies","status":"publish","type":"page","link":"https:\/\/torrecilla-e.com\/es\/politica-de-cookies\/","title":{"rendered":"Pol\u00edtica de cookies"},"content":{"rendered":"<h1>\u00a0<\/h1>\n<h1>Pol\u00edtica de cookies<\/h1>\n<p>&nbsp;<\/p>\n<p>\u00bfQu\u00e9 es una cookie?<\/p>\n<p>Una cookie es un archivo de texto inofensivo que se almacena en su navegador cuando visita casi cualquier p\u00e1gina web. La utilidad de la cookie es que la web pueda recordar su visita cuando vuelva a navegar por esa p\u00e1gina. Aunque mucha gente no lo sabe, las cookies se utilizan desde hace 20 a\u00f1os, cuando aparecieron los primeros navegadores para la World Wide Web.<\/p>\n<p>\u00bfQu\u00e9 NO es una cookie?<\/p>\n<p>No es un virus, ni un troyano, ni un gusano, ni spam, ni spyware, ni abre ventanas pop-up.<\/p>\n<p>\u00bfQu\u00e9 informaci\u00f3n almacena una cookie?<\/p>\n<p>Las cookies no suelen almacenar informaci\u00f3n sensible sobre usted, como tarjetas de cr\u00e9dito o datos bancarios, fotograf\u00edas, su DNI o informaci\u00f3n personal, etc. Los datos que guardan son de car\u00e1cter t\u00e9cnico, preferencias personales, personalizaci\u00f3n de contenidos, etc.<\/p>\n<p>El servidor web no le asocia a usted como persona, sino a su navegador web. De hecho, si usted navega habitualmente con Internet Explorer y prueba de navegar por la misma web con Firefox o Chrome, ver\u00e1 que la web no se da cuenta de que es usted la misma persona, ya que en realidad est\u00e1 asociando al navegador, no a la persona.<\/p>\n<p>\u00bfQu\u00e9 tipos de cookies existen?<\/p>\n<p>Cookies t\u00e9cnicas: Son las m\u00e1s elementales y permiten, entre otras cosas, saber cu\u00e1ndo est\u00e1 navegando un humano o una aplicaci\u00f3n automatizada, cu\u00e1ndo navega un usuario an\u00f3nimo y uno registrado, tareas b\u00e1sicas para el funcionamiento de cualquier web din\u00e1mica. Cookies de an\u00e1lisis: Recogen informaci\u00f3n sobre el tipo de navegaci\u00f3n que est\u00e1 realizando, las secciones que m\u00e1s utiliza, productos consultados, franja horaria de uso, idioma, etc. Cookies publicitarias: Muestran publicidad en funci\u00f3n de su navegaci\u00f3n, su pa\u00eds de procedencia, idioma, etc. \u00bfQu\u00e9 son las cookies propias y las de terceros?<\/p>\n<p>Las cookies propias son las generadas por la p\u00e1gina que est\u00e1 visitando, y las de terceros son las generadas por servicios o proveedores externos como Facebook, Google, etc.<\/p>\n<p>\u00bfQu\u00e9 ocurre si desactivo las cookies?<\/p>\n<p>Para que comprenda el alcance que puede tener desactivar las cookies, le mostramos algunos ejemplos:<\/p>\n<p>No podr\u00e1 compartir contenidos de esta web en Facebook, u cualquier otra red social. El sitio web no podr\u00e1 adaptar los contenidos a sus preferencias personales, como suele ocurrir en las tiendas en l\u00ednea.<\/p>\n<p>No podr\u00e1 acceder al \u00e1rea personal de esta web, como por ejemplo Mi cuenta, Mi perfil o Mis pedidos.<\/p>\n<p>Tiendas en l\u00ednea: Le ser\u00e1 imposible realizar compras en l\u00ednea, estas tendr\u00e1n que ser telef\u00f3nicas o visitando la tienda f\u00edsica si la tiene.<\/p>\n<p>No ser\u00e1 posible personalizar sus preferencias geogr\u00e1ficas como franja horaria, divisa o idioma. El sitio web no podr\u00e1 realizar anal\u00edticas web sobre visitantes y tr\u00e1fico en la web, lo que dificultar\u00e1 que la web sea competitiva.<\/p>\n<p>No podr\u00e1 escribir en el blog, no podr\u00e1 subir fotos, publicar comentarios, valorar o puntuar contenidos. La web tampoco podr\u00e1 saber si usted es un humano o una aplicaci\u00f3n automatizada que publica spam.<\/p>\n<p>No se podr\u00e1 mostrar publicidad sectorizada, lo que reducir\u00e1 los ingresos publicitarios de la web.<\/p>\n<p>Todas las redes sociales usan cookies, si las desactiva no podr\u00e1 utilizar ninguna red social.<\/p>\n<p>\u00bfSe pueden eliminar las cookies?<\/p>\n<p>&nbsp;<\/p>\n<p>S\u00ed. No solo eliminar, tambi\u00e9n bloquear, de manera general o particular para un dominio espec\u00edfico.<\/p>\n<p>Para eliminar las cookies de un sitio web, debe ir a la configuraci\u00f3n de su navegador y all\u00ed buscar las asociadas al dominio en cuesti\u00f3n y proceder a su eliminaci\u00f3n.<\/p>\n<p>Configuraci\u00f3n de cookies para los navegadores m\u00e1s populares<\/p>\n<p>A continuaci\u00f3n, le indicamos c\u00f3mo acceder a una cookie espec\u00edfica del navegador Chrome. Nota: estos pasos pueden variar seg\u00fan la versi\u00f3n del navegador:<\/p>\n<p>Vaya a Configuraci\u00f3n o Preferencias mediante el men\u00fa Archivo o bien haciendo clic en el icono de personalizaci\u00f3n que aparece arriba a la derecha.<\/p>\n<p>Ver\u00e1 diferentes secciones, haga clic en la opci\u00f3n Mostrar opciones avanzadas.<\/p>\n<p>Vaya a Privacidad, Configuraci\u00f3n de contenido.<\/p>\n<p>Seleccione Todas las cookies y los datos de sitios.<\/p>\n<p>Aparecer\u00e1 un listado con todas las cookies ordenadas por dominio.<\/p>\n<p>Para que le sea m\u00e1s f\u00e1cil encontrar las cookies de un determinado dominio, introduzca parcial o totalmente la direcci\u00f3n en el campo Buscar cookies.<\/p>\n<p>Despu\u00e9s de realizar este filtro, aparecer\u00e1n en pantalla una o varias l\u00edneas con las cookies de la web solicitada. Ahora solo tiene que seleccionarla y pulsar la X para proceder a su eliminaci\u00f3n.<\/p>\n<p>Para acceder a la configuraci\u00f3n de cookies del navegador Internet Explorer, siga estos pasos (pueden variar seg\u00fan la versi\u00f3n del navegador):<\/p>\n<p>Vaya a Herramientas, Opciones de Internet.<br \/>\nHaga clic en Privacidad.<br \/>\nMueva la barra hasta ajustar el nivel de privacidad que desee.<br \/>\nPara acceder a la configuraci\u00f3n de cookies del navegador Firefox, siga estos pasos (pueden variar seg\u00fan la versi\u00f3n del navegador):<\/p>\n<p>Vaya a Opciones o Preferencias seg\u00fan su sistema operativo.<br \/>\nHaga clic en Privacidad.<br \/>\nEn Historial elija Usar una configuraci\u00f3n personalizada para el historial.<br \/>\nAhora ver\u00e1 la opci\u00f3n Aceptar cookies, puede activarla o desactivarla seg\u00fan sus preferencias.<br \/>\nPara acceder a la configuraci\u00f3n de cookies del navegador Safari para OSX, siga estos pasos (pueden variar seg\u00fan la versi\u00f3n del navegador):<\/p>\n<p>Vaya a Preferencias, luego Privacidad.<br \/>\nEn este lugar ver\u00e1 la opci\u00f3n Bloquear cookies para que ajuste el tipo de bloqueo que desea realizar.<br \/>\nPara acceder a la configuraci\u00f3n de cookies del navegador Safari para iOS, siga estos pasos (pueden variar seg\u00fan la versi\u00f3n del navegador):<\/p>\n<p>Vaya a Ajustes, luego Safari.<br \/>\nVaya a Privacidad y Seguridad, ver\u00e1 la opci\u00f3n Bloquear cookies para que ajuste el tipo de bloqueo que desea realizar.<br \/>\nPara acceder a la configuraci\u00f3n de cookies del navegador para dispositivos Android, siga estos pasos (pueden variar seg\u00fan la versi\u00f3n del navegador):<\/p>\n<p>Ejecute el navegador y presione la tecla Men\u00fa, luego Configuraci\u00f3n.<br \/>\nVaya a Seguridad y Privacidad, ver\u00e1 la opci\u00f3n Aceptar cookies para que active o desactive la casilla.<br \/>\nPara acceder a la configuraci\u00f3n de cookies del navegador para dispositivos Windows Phone, siga estos pasos (pueden variar seg\u00fan la versi\u00f3n del navegador):<\/p>\n<p>Abra Internet Explorer, luego M\u00e1s, luego Configuraci\u00f3n.<br \/>\nAhora puede activar o desactivar la casilla Permitir cookies.<\/p>\n","protected":false},"excerpt":{"rendered":"<p>\u00a0 Pol\u00edtica de cookies &nbsp; \u00bfQu\u00e9 es una cookie? Una cookie es un archivo de texto inofensivo que se almacena en su navegador cuando visita casi cualquier p\u00e1gina web. La utilidad de la cookie es que la web pueda recordar su visita cuando vuelva a navegar por esa p\u00e1gina. Aunque mucha gente no lo sabe, [&hellip;]<\/p>\n","protected":false},"author":2,"featured_media":0,"parent":0,"menu_order":0,"comment_status":"closed","ping_status":"closed","template":"","meta":{"pgc_sgb_lightbox_settings":"","footnotes":""},"class_list":["post-236","page","type-page","status-publish","hentry"],"_links":{"self":[{"href":"https:\/\/torrecilla-e.com\/es\/wp-json\/wp\/v2\/pages\/236","targetHints":{"allow":["GET"]}}],"collection":[{"href":"https:\/\/torrecilla-e.com\/es\/wp-json\/wp\/v2\/pages"}],"about":[{"href":"https:\/\/torrecilla-e.com\/es\/wp-json\/wp\/v2\/types\/page"}],"author":[{"embeddable":true,"href":"https:\/\/torrecilla-e.com\/es\/wp-json\/wp\/v2\/users\/2"}],"replies":[{"embeddable":true,"href":"https:\/\/torrecilla-e.com\/es\/wp-json\/wp\/v2\/comments?post=236"}],"version-history":[{"count":0,"href":"https:\/\/torrecilla-e.com\/es\/wp-json\/wp\/v2\/pages\/236\/revisions"}],"wp:attachment":[{"href":"https:\/\/torrecilla-e.com\/es\/wp-json\/wp\/v2\/media?parent=236"}],"curies":[{"name":"wp","href":"https:\/\/api.w.org\/{rel}","templated":true}]}}