{"id":233,"date":"2023-10-11T13:19:30","date_gmt":"2023-10-11T13:19:30","guid":{"rendered":"https:\/\/torrecilla-e.com\/\/?page_id=233"},"modified":"2024-01-15T16:27:29","modified_gmt":"2024-01-15T16:27:29","slug":"avisos-legales","status":"publish","type":"page","link":"https:\/\/torrecilla-e.com\/es\/avisos-legales\/","title":{"rendered":"Avisos legales"},"content":{"rendered":"<p>&nbsp;<\/p>\n<p>&nbsp;<\/p>\n<h1>Avisos legales<\/h1>\n<p>De acuerdo con lo establecido en la Ley 34\/2002, de 11 de julio, de servicios de la sociedad de la informaci\u00f3n y de comercio electr\u00f3nico, se facilita la siguiente informaci\u00f3n:<\/p>\n<p>Datos Identificativos<\/p>\n<p>Usted est\u00e1 visitando la p\u00e1gina web torrecilla-e.com titularidad de TORRECILLA ESPAIS, SLU., con domicilio en la calle Ventall\u00f3 30, 08025 Barcelona, con C.I.F. N\u00ba B-63720254 y tel\u00e9fono 932 85 33 30.<\/p>\n<p>Puede contactar con el TITULAR a trav\u00e9s de cualquiera de los siguientes medios:<\/p>\n<p>Tel\u00e9fono: 932 85 33 30<\/p>\n<p>Correo electr\u00f3nico de contacto: <a target=\"_new\" rel=\"noopener\">info@torrecilla-e.com<\/a><\/p>\n<p>Usuarios<\/p>\n<p>Las presentes condiciones (en adelante Aviso Legal) tienen por finalidad regular el uso de la p\u00e1gina web del TITULAR puesta a disposici\u00f3n del p\u00fablico.<\/p>\n<p>El acceso y\/o uso de esta p\u00e1gina web atribuye la condici\u00f3n de USUARIO, que acepta, desde dicho acceso y\/o uso, las condiciones generales de uso aqu\u00ed reflejadas. Las citadas condiciones ser\u00e1n aplicables independientemente de las condiciones generales de contrataci\u00f3n que, en su caso, resulten de obligado cumplimiento.<\/p>\n<p>Uso del portal<\/p>\n<p>torrecilla-e.com proporciona el acceso a multitud de informaciones, servicios, programas o datos (en adelante, \u00ablos contenidos\u00bb) en Internet pertenecientes al TITULAR o a sus licenciantes a los cuales el USUARIO puede tener acceso.<\/p>\n<p>El usuario asume la responsabilidad del uso del portal. Esta responsabilidad se extiende al registro que fuese necesario para acceder a determinados servicios o contenidos. En este registro, el USUARIO ser\u00e1 responsable de aportar informaci\u00f3n veraz y l\u00edcita. Como consecuencia de este registro, al USUARIO se le puede proporcionar una contrase\u00f1a de la cual ser\u00e1 responsable, comprometi\u00e9ndose a hacer un uso diligente y confidencial de la misma.<\/p>\n<p>El USUARIO se compromete a hacer un uso adecuado de los contenidos y servicios (por ejemplo, servicios de chat, foros de discusi\u00f3n o grupos de noticias) que EL TITULAR ofrece a trav\u00e9s de su portal y con car\u00e1cter enunciativo pero no limitativo, a no emplearlos para:<\/p>\n<p>Incurrir en actividades il\u00edcitas, ilegales o contrarias a la buena fe y al orden p\u00fablico. Difundir contenidos o propaganda racista, xen\u00f3foba, pornogr\u00e1fico-ilegal, de apolog\u00eda del terrorismo o atentatoria contra los derechos humanos. Provocar da\u00f1os en los sistemas f\u00edsicos y l\u00f3gicos de TORRECILLA ESPAIS, SLU., de sus proveedores o de terceras personas, introducir o difundir en la red virus inform\u00e1ticos o cualquier otros sistemas f\u00edsicos o l\u00f3gicos que sean susceptibles de provocar los da\u00f1os anteriormente mencionados.<\/p>\n<p>Intentar acceder y, en su caso, utilizar las cuentas de correo electr\u00f3nico de otros usuarios y modificar o manipular sus mensajes. Utilizar el sitio web ni las informaciones que en \u00e9l se contienen con fines comerciales, pol\u00edticos, publicitarios y para cualquier uso comercial, especialmente en el env\u00edo de correos electr\u00f3nicos no solicitados.<\/p>\n<p>EL TITULAR se reserva el derecho a retirar todos aquellos comentarios y aportaciones que vulneren el respeto a la dignidad de la persona, que sean discriminatorios, xen\u00f3fobos, racistas, pornogr\u00e1ficos, que atenten contra la juventud o la infancia, el orden o la seguridad p\u00fablica o que, a su juicio, no resultaran adecuados para su publicaci\u00f3n. En cualquier caso, EL TITULAR no ser\u00e1 responsable de las opiniones vertidas por los usuarios a trav\u00e9s de los foros, chats, u otras herramientas de participaci\u00f3n.<\/p>\n<p>Protecci\u00f3n de datos<\/p>\n<p>Todo lo relativo a la pol\u00edtica de protecci\u00f3n de datos se encuentra recogido en el documento de pol\u00edtica de privacidad.<\/p>\n<p>Contenidos. Propiedad intelectual e industrial<\/p>\n<p>EL TITULAR es propietario de todos los derechos de propiedad intelectual e industrial de su p\u00e1gina web, as\u00ed como de los elementos contenidos en la misma (a t\u00edtulo enunciativo: im\u00e1genes, fotograf\u00edas, sonido, audio, v\u00eddeo, software o textos; marcas o logotipos, combinaciones de colores, estructura y dise\u00f1o, selecci\u00f3n de materiales utilizados, programas de ordenador necesarios para su funcionamiento, acceso y uso, etc.), titularidad del TITULAR o bien de sus licenciantes.<\/p>\n<p>Todos los derechos reservados. En virtud de lo dispuesto en los art\u00edculos 8 y 32.1, p\u00e1rrafo segundo, de la Ley de Propiedad Intelectual, quedan expresamente prohibidas la reproducci\u00f3n, la distribuci\u00f3n y la comunicaci\u00f3n p\u00fablica, incluida su modalidad de puesta a disposici\u00f3n, de la totalidad o parte de los contenidos de esta p\u00e1gina web, con fines comerciales, en cualquier soporte y por cualquier medio t\u00e9cnico, sin la autorizaci\u00f3n del TITULAR.<\/p>\n<p>Exclusi\u00f3n de garant\u00edas y responsabilidad<\/p>\n<p>El USUARIO reconoce que la utilizaci\u00f3n de la p\u00e1gina web y de los contenidos y servicios se desarrolla bajo su exclusiva responsabilidad. En concreto, a t\u00edtulo meramente enunciativo, EL TITULAR no asume ninguna responsabilidad en los siguientes \u00e1mbitos:<\/p>\n<p>La disponibilidad del funcionamiento de la p\u00e1gina web, sus servicios y contenidos y su calidad o interoperabilidad. La finalidad para la cual la p\u00e1gina web sirva a los objetivos del USUARIO. La infracci\u00f3n de la legislaci\u00f3n vigente por parte del USUARIO o terceros y, en concreto, de los derechos de propiedad intelectual e industrial que sean titularidad de otras personas o entidades.<\/p>\n<p>La existencia de c\u00f3digos maliciosos o cualquier otro elemento inform\u00e1tico nocivo que pudiera causar el sistema inform\u00e1tico del USUARIO o de terceros. Corresponde al USUARIO, en todo caso, contar con herramientas adecuadas para la detecci\u00f3n y desinfecci\u00f3n de estos elementos. El acceso fraudulento a los contenidos o servicios por terceros no autorizados, o, en su caso, la captura, eliminaci\u00f3n, alteraci\u00f3n, modificaci\u00f3n o manipulaci\u00f3n de los mensajes y comunicaciones de cualquier clase que dichos terceros pudieran realizar. La exactitud, veracidad, actualidad y utilidad de los contenidos y servicios ofrecidos y la utilizaci\u00f3n posterior que de ellos haga el USUARIO. EL TITULAR emplear\u00e1 todos los esfuerzos y medios razonables para facilitar informaci\u00f3n actualizada y fehaciente. Los da\u00f1os producidos en equipos inform\u00e1ticos durante el acceso a la p\u00e1gina web y los da\u00f1os producidos a los USUARIOS cuando tengan su origen en fallas o desconexiones en las redes de telecomunicaciones que interrumpan el servicio.<\/p>\n<p>&nbsp;<\/p>\n","protected":false},"excerpt":{"rendered":"<p>&nbsp; &nbsp; Avisos legales De acuerdo con lo establecido en la Ley 34\/2002, de 11 de julio, de servicios de la sociedad de la informaci\u00f3n y de comercio electr\u00f3nico, se facilita la siguiente informaci\u00f3n: Datos Identificativos Usted est\u00e1 visitando la p\u00e1gina web torrecilla-e.com titularidad de TORRECILLA ESPAIS, SLU., con domicilio en la calle Ventall\u00f3 30, [&hellip;]<\/p>\n","protected":false},"author":2,"featured_media":0,"parent":0,"menu_order":0,"comment_status":"closed","ping_status":"closed","template":"","meta":{"pgc_sgb_lightbox_settings":"","footnotes":""},"class_list":["post-233","page","type-page","status-publish","hentry"],"_links":{"self":[{"href":"https:\/\/torrecilla-e.com\/es\/wp-json\/wp\/v2\/pages\/233","targetHints":{"allow":["GET"]}}],"collection":[{"href":"https:\/\/torrecilla-e.com\/es\/wp-json\/wp\/v2\/pages"}],"about":[{"href":"https:\/\/torrecilla-e.com\/es\/wp-json\/wp\/v2\/types\/page"}],"author":[{"embeddable":true,"href":"https:\/\/torrecilla-e.com\/es\/wp-json\/wp\/v2\/users\/2"}],"replies":[{"embeddable":true,"href":"https:\/\/torrecilla-e.com\/es\/wp-json\/wp\/v2\/comments?post=233"}],"version-history":[{"count":0,"href":"https:\/\/torrecilla-e.com\/es\/wp-json\/wp\/v2\/pages\/233\/revisions"}],"wp:attachment":[{"href":"https:\/\/torrecilla-e.com\/es\/wp-json\/wp\/v2\/media?parent=233"}],"curies":[{"name":"wp","href":"https:\/\/api.w.org\/{rel}","templated":true}]}}