{"id":1774,"date":"2023-10-09T21:38:01","date_gmt":"2023-10-09T21:38:01","guid":{"rendered":"https:\/\/torrecilla-e.com\/blog\/"},"modified":"2024-01-17T14:14:47","modified_gmt":"2024-01-17T14:14:47","slug":"blog","status":"publish","type":"page","link":"https:\/\/torrecilla-e.com\/en\/blog\/","title":{"rendered":"Blog"},"content":{"rendered":"\t\t<div data-elementor-type=\"wp-page\" data-elementor-id=\"1774\" class=\"elementor elementor-1774 elementor-91\" data-elementor-post-type=\"page\">\n\t\t\t\t\t\t<section class=\"elementor-section elementor-top-section elementor-element elementor-element-618ac0bc elementor-section-boxed elementor-section-height-default elementor-section-height-default\" data-id=\"618ac0bc\" data-element_type=\"section\">\n\t\t\t\t\t\t<div class=\"elementor-container elementor-column-gap-default\">\n\t\t\t\t\t<div class=\"elementor-column elementor-col-100 elementor-top-column elementor-element elementor-element-3e4c8883\" data-id=\"3e4c8883\" data-element_type=\"column\">\n\t\t\t<div class=\"elementor-widget-wrap elementor-element-populated\">\n\t\t\t\t\t\t<div class=\"elementor-element elementor-element-f175f80 elementor-invisible elementor-widget elementor-widget-heading\" data-id=\"f175f80\" data-element_type=\"widget\" data-settings=\"{&quot;_animation&quot;:&quot;fadeInUp&quot;}\" data-widget_type=\"heading.default\">\n\t\t\t\t<div class=\"elementor-widget-container\">\n\t\t\t\t\t<h2 class=\"elementor-heading-title elementor-size-default\">Blog<\/h2>\t\t\t\t<\/div>\n\t\t\t\t<\/div>\n\t\t\t\t\t<\/div>\n\t\t<\/div>\n\t\t\t\t\t<\/div>\n\t\t<\/section>\n\t\t\t\t<section class=\"elementor-section elementor-top-section elementor-element elementor-element-5f441290 elementor-section-boxed elementor-section-height-default elementor-section-height-default\" data-id=\"5f441290\" data-element_type=\"section\">\n\t\t\t\t\t\t<div class=\"elementor-container elementor-column-gap-default\">\n\t\t\t\t\t<div class=\"elementor-column elementor-col-100 elementor-top-column elementor-element elementor-element-28ec163b elementor-invisible\" data-id=\"28ec163b\" data-element_type=\"column\" data-settings=\"{&quot;animation&quot;:&quot;fadeIn&quot;,&quot;animation_delay&quot;:200}\">\n\t\t\t<div class=\"elementor-widget-wrap elementor-element-populated\">\n\t\t\t\t\t\t<div class=\"elementor-element elementor-element-4fd85e2 elementor-widget elementor-widget-jkit_post_block\" data-id=\"4fd85e2\" data-element_type=\"widget\" data-widget_type=\"jkit_post_block.default\">\n\t\t\t\t<div class=\"elementor-widget-container\">\n\t\t\t\t\t<div  class=\"jeg-elementor-kit jkit-postblock postblock-type-1 jkit-pagination-disable post-element jeg_module___69d28a3fbd98d\"  data-id=\"jeg_module___69d28a3fbd98d\" data-settings=\"{&quot;post_type&quot;:&quot;post&quot;,&quot;number_post&quot;:{&quot;unit&quot;:&quot;px&quot;,&quot;size&quot;:6,&quot;sizes&quot;:[]},&quot;post_offset&quot;:0,&quot;unique_content&quot;:&quot;disable&quot;,&quot;include_post&quot;:&quot;&quot;,&quot;exclude_post&quot;:&quot;&quot;,&quot;include_category&quot;:&quot;&quot;,&quot;exclude_category&quot;:&quot;&quot;,&quot;include_author&quot;:&quot;&quot;,&quot;include_tag&quot;:&quot;&quot;,&quot;exclude_tag&quot;:&quot;&quot;,&quot;pgc_simply_category&quot;:&quot;&quot;,&quot;sort_by&quot;:&quot;oldest&quot;,&quot;pagination_mode&quot;:&quot;disable&quot;,&quot;pagination_loadmore_text&quot;:&quot;Load More&quot;,&quot;pagination_loading_text&quot;:&quot;Loading...&quot;,&quot;pagination_number_post&quot;:{&quot;unit&quot;:&quot;px&quot;,&quot;size&quot;:3,&quot;sizes&quot;:[]},&quot;pagination_scroll_limit&quot;:0,&quot;pagination_icon&quot;:{&quot;value&quot;:&quot;&quot;,&quot;library&quot;:&quot;&quot;},&quot;pagination_icon_position&quot;:&quot;before&quot;,&quot;st_category_position&quot;:&quot;right&quot;,&quot;sg_content_postblock_type&quot;:&quot;type-1&quot;,&quot;sg_content_element_order&quot;:&quot;title,meta,excerpt,read&quot;,&quot;sg_content_breakpoint&quot;:&quot;tablet&quot;,&quot;sg_content_title_html_tag&quot;:&quot;h3&quot;,&quot;sg_content_category_enable&quot;:&quot;&quot;,&quot;sg_content_excerpt_enable&quot;:&quot;yes&quot;,&quot;sg_content_excerpt_length&quot;:{&quot;unit&quot;:&quot;px&quot;,&quot;size&quot;:15,&quot;sizes&quot;:[]},&quot;sg_content_excerpt_more&quot;:&quot;...&quot;,&quot;sg_content_readmore_enable&quot;:&quot;&quot;,&quot;sg_content_readmore_icon&quot;:{&quot;value&quot;:&quot;fas fa-arrow-right&quot;,&quot;library&quot;:&quot;fa-solid&quot;},&quot;sg_content_readmore_icon_position&quot;:&quot;after&quot;,&quot;sg_content_readmore_text&quot;:&quot;Read More&quot;,&quot;sg_content_comment_enable&quot;:&quot;&quot;,&quot;sg_content_comment_icon&quot;:{&quot;value&quot;:&quot;fas fa-comment&quot;,&quot;library&quot;:&quot;fa-solid&quot;},&quot;sg_content_comment_icon_position&quot;:&quot;before&quot;,&quot;sg_content_meta_enable&quot;:&quot;&quot;,&quot;sg_content_meta_author_enable&quot;:&quot;yes&quot;,&quot;sg_content_meta_author_by_text&quot;:&quot;by&quot;,&quot;sg_content_meta_author_icon&quot;:{&quot;value&quot;:&quot;fas fa-user&quot;,&quot;library&quot;:&quot;fa-solid&quot;},&quot;sg_content_meta_author_icon_position&quot;:&quot;before&quot;,&quot;sg_content_meta_date_enable&quot;:&quot;yes&quot;,&quot;sg_content_meta_date_type&quot;:&quot;published&quot;,&quot;sg_content_meta_date_format&quot;:&quot;default&quot;,&quot;sg_content_meta_date_format_custom&quot;:&quot;F j, Y&quot;,&quot;sg_content_meta_date_icon&quot;:{&quot;value&quot;:&quot;fas fa-clock&quot;,&quot;library&quot;:&quot;fa-solid&quot;},&quot;sg_content_meta_date_icon_position&quot;:&quot;before&quot;,&quot;sg_content_image_size_imagesize_size&quot;:&quot;large&quot;,&quot;lang&quot;:&quot;en&quot;,&quot;paged&quot;:1,&quot;class&quot;:&quot;jkit_post_block&quot;}\"><div class=\"jkit-block-container\"><div class=\"jkit-posts jkit-ajax-flag\">\n            <article class=\"jkit-post post-1731 post type-post status-publish format-standard has-post-thumbnail hentry category-uncategorized\">\n                    <div class=\"jkit-thumb\"><a aria-label=\"Exploring the Art of Modern Interior Design\" href=\"https:\/\/torrecilla-e.com\/en\/exploring-the-art-of-modern-interior-design\/\"><div class=\"thumbnail-container \">\n            <img loading=\"lazy\" decoding=\"async\" width=\"800\" height=\"534\" src=\"https:\/\/torrecilla-e.com\/wp-content\/uploads\/2023\/10\/explorando-el-arte-de-disenos-de-interiores-modernos-01-1024x683.jpeg\" class=\"attachment-large size-large wp-post-image\" alt=\"\" loading=\"lazy\" srcset=\"https:\/\/torrecilla-e.com\/wp-content\/uploads\/2023\/10\/explorando-el-arte-de-disenos-de-interiores-modernos-01-1024x683.jpeg 1024w, https:\/\/torrecilla-e.com\/wp-content\/uploads\/2023\/10\/explorando-el-arte-de-disenos-de-interiores-modernos-01-300x200.jpeg 300w, https:\/\/torrecilla-e.com\/wp-content\/uploads\/2023\/10\/explorando-el-arte-de-disenos-de-interiores-modernos-01-768x512.jpeg 768w, https:\/\/torrecilla-e.com\/wp-content\/uploads\/2023\/10\/explorando-el-arte-de-disenos-de-interiores-modernos-01-1536x1024.jpeg 1536w, https:\/\/torrecilla-e.com\/wp-content\/uploads\/2023\/10\/explorando-el-arte-de-disenos-de-interiores-modernos-01.jpeg 1800w\" sizes=\"auto, (max-width: 800px) 100vw, 800px\" \/>\n        <\/div><\/a><\/div>\n                    <div class=\"jkit-postblock-content\"><h3 class=\"jkit-post-title\">\n\t\t\t\t\t\t\t<a href=\"https:\/\/torrecilla-e.com\/en\/exploring-the-art-of-modern-interior-design\/\">Exploring the Art of Modern Interior Design<\/a>\n\t\t\t\t\t\t<\/h3><div class=\"jkit-post-excerpt\"><p>Interior design continues to evolve in exciting ways and in this blog, we delve into...<\/p><\/div><div class=\"jkit-post-meta-bottom\">\n\t\t\t\t\t\t\t\n\t\t\t\t\t\t<\/div><\/div>\n                <\/article><article class=\"jkit-post post-1779 post type-post status-publish format-standard has-post-thumbnail hentry category-uncategorized\">\n                    <div class=\"jkit-thumb\"><a aria-label=\"The Evolution of Crafts\" href=\"https:\/\/torrecilla-e.com\/en\/the-evolution-of-crafts\/\"><div class=\"thumbnail-container \">\n            <img loading=\"lazy\" decoding=\"async\" width=\"768\" height=\"710\" src=\"https:\/\/torrecilla-e.com\/wp-content\/uploads\/2023\/10\/la-evolucion-de-la-artesania-01.jpeg\" class=\"attachment-large size-large wp-post-image\" alt=\"\" loading=\"lazy\" srcset=\"https:\/\/torrecilla-e.com\/wp-content\/uploads\/2023\/10\/la-evolucion-de-la-artesania-01.jpeg 768w, https:\/\/torrecilla-e.com\/wp-content\/uploads\/2023\/10\/la-evolucion-de-la-artesania-01-300x277.jpeg 300w\" sizes=\"auto, (max-width: 768px) 100vw, 768px\" \/>\n        <\/div><\/a><\/div>\n                    <div class=\"jkit-postblock-content\"><h3 class=\"jkit-post-title\">\n\t\t\t\t\t\t\t<a href=\"https:\/\/torrecilla-e.com\/en\/the-evolution-of-crafts\/\">The Evolution of Crafts<\/a>\n\t\t\t\t\t\t<\/h3><div class=\"jkit-post-excerpt\"><p>The tradition of craftsmanship has not lost its value in the modern era. In fact,...<\/p><\/div><div class=\"jkit-post-meta-bottom\">\n\t\t\t\t\t\t\t\n\t\t\t\t\t\t<\/div><\/div>\n                <\/article><article class=\"jkit-post post-1785 post type-post status-publish format-standard has-post-thumbnail hentry category-uncategorized\">\n                    <div class=\"jkit-thumb\"><a aria-label=\"Creating the Perfect Space: Innovation and Design\" href=\"https:\/\/torrecilla-e.com\/en\/creating-the-perfect-space-innovation-and-design\/\"><div class=\"thumbnail-container \">\n            <img loading=\"lazy\" decoding=\"async\" width=\"800\" height=\"365\" src=\"https:\/\/torrecilla-e.com\/wp-content\/uploads\/2023\/10\/creando-espacios-1024x467.jpeg\" class=\"attachment-large size-large wp-post-image\" alt=\"\" loading=\"lazy\" srcset=\"https:\/\/torrecilla-e.com\/wp-content\/uploads\/2023\/10\/creando-espacios-1024x467.jpeg 1024w, https:\/\/torrecilla-e.com\/wp-content\/uploads\/2023\/10\/creando-espacios-300x137.jpeg 300w, https:\/\/torrecilla-e.com\/wp-content\/uploads\/2023\/10\/creando-espacios-768x350.jpeg 768w, https:\/\/torrecilla-e.com\/wp-content\/uploads\/2023\/10\/creando-espacios-1536x701.jpeg 1536w, https:\/\/torrecilla-e.com\/wp-content\/uploads\/2023\/10\/creando-espacios.jpeg 1800w\" sizes=\"auto, (max-width: 800px) 100vw, 800px\" \/>\n        <\/div><\/a><\/div>\n                    <div class=\"jkit-postblock-content\"><h3 class=\"jkit-post-title\">\n\t\t\t\t\t\t\t<a href=\"https:\/\/torrecilla-e.com\/en\/creating-the-perfect-space-innovation-and-design\/\">Creating the Perfect Space: Innovation and Design<\/a>\n\t\t\t\t\t\t<\/h3><div class=\"jkit-post-excerpt\"><p>There is nothing more exciting than having a space designed to measure for you. The...<\/p><\/div><div class=\"jkit-post-meta-bottom\">\n\t\t\t\t\t\t\t\n\t\t\t\t\t\t<\/div><\/div>\n                <\/article>\n        <\/div><\/div><\/div>\t\t\t\t<\/div>\n\t\t\t\t<\/div>\n\t\t\t\t\t<\/div>\n\t\t<\/div>\n\t\t\t\t\t<\/div>\n\t\t<\/section>\n\t\t\t\t<\/div>\n\t\t","protected":false},"excerpt":{"rendered":"<p>edit post Explorando el Arte del Dise\u00f1o de Interiores Moderno El dise\u00f1o de interiores sigue evolucionando de formas emocionantes y en este blog, profundizamos en&#8230; edit post La Evoluci\u00f3n de la Artesan\u00eda La tradici\u00f3n de la artesan\u00eda no ha perdido su valor en la era moderna. De&#8230; edit post Creando el Espacio Perfecto: Innovaci\u00f3n y [&hellip;]<\/p>\n","protected":false},"author":2,"featured_media":0,"parent":0,"menu_order":0,"comment_status":"closed","ping_status":"closed","template":"","meta":{"pgc_sgb_lightbox_settings":"","footnotes":""},"class_list":["post-1774","page","type-page","status-publish","hentry"],"_links":{"self":[{"href":"https:\/\/torrecilla-e.com\/en\/wp-json\/wp\/v2\/pages\/1774","targetHints":{"allow":["GET"]}}],"collection":[{"href":"https:\/\/torrecilla-e.com\/en\/wp-json\/wp\/v2\/pages"}],"about":[{"href":"https:\/\/torrecilla-e.com\/en\/wp-json\/wp\/v2\/types\/page"}],"author":[{"embeddable":true,"href":"https:\/\/torrecilla-e.com\/en\/wp-json\/wp\/v2\/users\/2"}],"replies":[{"embeddable":true,"href":"https:\/\/torrecilla-e.com\/en\/wp-json\/wp\/v2\/comments?post=1774"}],"version-history":[{"count":0,"href":"https:\/\/torrecilla-e.com\/en\/wp-json\/wp\/v2\/pages\/1774\/revisions"}],"wp:attachment":[{"href":"https:\/\/torrecilla-e.com\/en\/wp-json\/wp\/v2\/media?parent=1774"}],"curies":[{"name":"wp","href":"https:\/\/api.w.org\/{rel}","templated":true}]}}